{"id":163,"date":"2022-07-13T07:01:53","date_gmt":"2022-07-13T04:01:53","guid":{"rendered":"https:\/\/oulunsoittoniekka.fi\/?page_id=163"},"modified":"2023-05-27T18:01:47","modified_gmt":"2023-05-27T15:01:47","slug":"ilmoitukset","status":"publish","type":"page","link":"https:\/\/oulunsoittoniekka.fi\/?page_id=163","title":{"rendered":"Ilmoitukset yhti\u00f6lle"},"content":{"rendered":"\n<p><a href=\"https:\/\/oulunsoittoniekka.fi\/?page_id=94\" data-type=\"page\" data-id=\"94\">Is\u00e4nn\u00f6itsij\u00e4<\/a> huolehtii asukkaiden ja osakkaiden ilmoituksien vastaanotosta. Heid\u00e4n sivujen kautta voit j\u00e4tt\u00e4\u00e4 ilmoituksen muun muuassa n\u00e4iss\u00e4 tilanteissa. <\/p>\n\n\n\n<ul class=\"wp-block-list\">\n<li>Uuden asukkaan ilmoitus<\/li>\n\n\n\n<li>Kun muutat Oulun Soittoniekkaan tai pois sielt\u00e4<\/li>\n\n\n\n<li>Vesimittarin lukema<\/li>\n\n\n\n<li>Kiireet\u00f6n vikailmoitus (kiireellisiss\u00e4 ota yhteys suoraan <a href=\"https:\/\/oulunsoittoniekka.fi\/?page_id=94\" data-type=\"page\" data-id=\"94\">kiinteist\u00f6huoltoon<\/a>)<\/li>\n\n\n\n<li>Remonttisuunnitelma ja muut muutosty\u00f6t<\/li>\n<\/ul>\n\n\n\n<p class=\"has-white-color has-text-color\">.<\/p>\n\n\n\n<p class=\"has-white-color has-text-color\">.<\/p>\n\n\n\n<p class=\"has-white-color has-text-color\">.<\/p>\n","protected":false},"excerpt":{"rendered":"<p>Is\u00e4nn\u00f6itsij\u00e4 huolehtii asukkaiden ja osakkaiden ilmoituksien vastaanotosta. Heid\u00e4n sivujen kautta voit j\u00e4tt\u00e4\u00e4 ilmoituksen muun muuassa n\u00e4iss\u00e4 tilanteissa. . . .<\/p>\n","protected":false},"author":1,"featured_media":0,"parent":0,"menu_order":0,"comment_status":"closed","ping_status":"closed","template":"","meta":{"footnotes":""},"class_list":["post-163","page","type-page","status-publish","hentry"],"_links":{"self":[{"href":"https:\/\/oulunsoittoniekka.fi\/index.php?rest_route=\/wp\/v2\/pages\/163","targetHints":{"allow":["GET"]}}],"collection":[{"href":"https:\/\/oulunsoittoniekka.fi\/index.php?rest_route=\/wp\/v2\/pages"}],"about":[{"href":"https:\/\/oulunsoittoniekka.fi\/index.php?rest_route=\/wp\/v2\/types\/page"}],"author":[{"embeddable":true,"href":"https:\/\/oulunsoittoniekka.fi\/index.php?rest_route=\/wp\/v2\/users\/1"}],"replies":[{"embeddable":true,"href":"https:\/\/oulunsoittoniekka.fi\/index.php?rest_route=%2Fwp%2Fv2%2Fcomments&post=163"}],"version-history":[{"count":8,"href":"https:\/\/oulunsoittoniekka.fi\/index.php?rest_route=\/wp\/v2\/pages\/163\/revisions"}],"predecessor-version":[{"id":579,"href":"https:\/\/oulunsoittoniekka.fi\/index.php?rest_route=\/wp\/v2\/pages\/163\/revisions\/579"}],"wp:attachment":[{"href":"https:\/\/oulunsoittoniekka.fi\/index.php?rest_route=%2Fwp%2Fv2%2Fmedia&parent=163"}],"curies":[{"name":"wp","href":"https:\/\/api.w.org\/{rel}","templated":true}]}}