{"id":260,"date":"2022-07-13T12:56:10","date_gmt":"2022-07-13T09:56:10","guid":{"rendered":"https:\/\/oulunsoittoniekka.fi\/?page_id=260"},"modified":"2022-07-15T13:53:40","modified_gmt":"2022-07-15T10:53:40","slug":"laitteiden-kayttoohjeet","status":"publish","type":"page","link":"https:\/\/oulunsoittoniekka.fi\/?page_id=260","title":{"rendered":"Laitteiden k\u00e4ytt\u00f6ohjeet"},"content":{"rendered":"\n<div class=\"wp-block-group\"><div class=\"wp-block-group__inner-container is-layout-flow wp-block-group-is-layout-flow\">\n<div class=\"wp-block-columns is-layout-flex wp-container-core-columns-is-layout-9d6595d7 wp-block-columns-is-layout-flex\">\n<div class=\"wp-block-column is-layout-flow wp-block-column-is-layout-flow\" style=\"flex-basis:100%\">\n<p>T\u00e4lle sivulle on ker\u00e4tty t\u00e4rkeimm\u00e4t k\u00e4ytt\u00f6ohjeet. L\u00f6yd\u00e4t lis\u00e4\u00e4 ohjeita rakennuttajan toimittamasta asukaskansiosta.<\/p>\n\n\n\n<p><\/p>\n<\/div>\n<\/div>\n<\/div><\/div>\n\n\n\n<h2 class=\"wp-block-heading\">PihlaPro<\/h2>\n\n\n\n<div class=\"wp-block-file\"><a id=\"wp-block-file--media-8962c2d7-594f-4700-9966-26a7b9d01cbc\" href=\"http:\/\/oulunsoittoniekka.fi\/wp-content\/uploads\/2022\/07\/PihlaPRO-Ikkunan-kayttoohjeet.pdf\">PihlaPRO Ikkunat<\/a><a href=\"http:\/\/oulunsoittoniekka.fi\/wp-content\/uploads\/2022\/07\/PihlaPRO-Ikkunan-kayttoohjeet.pdf\" class=\"wp-block-file__button\" download aria-describedby=\"wp-block-file--media-8962c2d7-594f-4700-9966-26a7b9d01cbc\">Lataa<\/a><\/div>\n\n\n\n<div class=\"wp-block-file\"><a id=\"wp-block-file--media-642284c1-791f-44b7-88eb-ed1a902e905f\" href=\"http:\/\/oulunsoittoniekka.fi\/wp-content\/uploads\/2022\/07\/PihlaPRO-Ovien-kayttoohjeet.pdf\">PihlaPRO Ovet<\/a><a href=\"http:\/\/oulunsoittoniekka.fi\/wp-content\/uploads\/2022\/07\/PihlaPRO-Ovien-kayttoohjeet.pdf\" class=\"wp-block-file__button\" download aria-describedby=\"wp-block-file--media-642284c1-791f-44b7-88eb-ed1a902e905f\">Lataa<\/a><\/div>\n\n\n\n<h2 class=\"wp-block-heading\">Swegon Casa Smart ilmanvaihtokone<\/h2>\n\n\n\n<div class=\"wp-block-file\"><a id=\"wp-block-file--media-79a1f837-e8e8-4128-9b8a-89caa66adc5a\" href=\"https:\/\/oulunsoittoniekka.fi\/wp-content\/uploads\/2022\/07\/pikaohje_suodattimen-vaihto.pdf\">Pikaohje Swegon Casa Smart suodattimen vaihtoon<\/a><a href=\"https:\/\/oulunsoittoniekka.fi\/wp-content\/uploads\/2022\/07\/pikaohje_suodattimen-vaihto.pdf\" class=\"wp-block-file__button\" download aria-describedby=\"wp-block-file--media-79a1f837-e8e8-4128-9b8a-89caa66adc5a\">Lataa<\/a><\/div>\n\n\n\n<div class=\"wp-block-file\"><a id=\"wp-block-file--media-c7147aaa-7681-47da-8802-72d8c6d77f71\" href=\"http:\/\/oulunsoittoniekka.fi\/wp-content\/uploads\/2022\/07\/Smart_W_j-u1.pdf\">Swegon Casa Smart ilmanvaihtokone<\/a><a href=\"http:\/\/oulunsoittoniekka.fi\/wp-content\/uploads\/2022\/07\/Smart_W_j-u1.pdf\" class=\"wp-block-file__button\" download aria-describedby=\"wp-block-file--media-c7147aaa-7681-47da-8802-72d8c6d77f71\">Lataa<\/a><\/div>\n\n\n\n<h2 class=\"wp-block-heading\">LVI-laitteet<\/h2>\n\n\n\n<div class=\"wp-block-file\"><a id=\"wp-block-file--media-1a394321-2705-40c0-8957-93c6c9286ef0\" href=\"http:\/\/oulunsoittoniekka.fi\/wp-content\/uploads\/2022\/07\/Lvi-laitteiden-kaytonopas.pdf\">LVI-laitteiden k\u00e4yt\u00f6nopas<\/a><a href=\"http:\/\/oulunsoittoniekka.fi\/wp-content\/uploads\/2022\/07\/Lvi-laitteiden-kaytonopas.pdf\" class=\"wp-block-file__button\" download aria-describedby=\"wp-block-file--media-1a394321-2705-40c0-8957-93c6c9286ef0\">Lataa<\/a><\/div>\n\n\n\n<h2 class=\"wp-block-heading\">Makita ruohonleikkuri ja trimmeri<\/h2>\n\n\n\n<div class=\"wp-block-file\"><a id=\"wp-block-file--media-25b5c800-a6fe-4b96-9580-221f0063fe28\" href=\"http:\/\/oulunsoittoniekka.fi\/wp-content\/uploads\/2022\/07\/DLM460.pdf\">Makita DLM460Z Ruohonleikkuri<\/a><a href=\"http:\/\/oulunsoittoniekka.fi\/wp-content\/uploads\/2022\/07\/DLM460.pdf\" class=\"wp-block-file__button\" download aria-describedby=\"wp-block-file--media-25b5c800-a6fe-4b96-9580-221f0063fe28\">Lataa<\/a><\/div>\n\n\n\n<div class=\"wp-block-file\"><a id=\"wp-block-file--media-6d7bb27f-f998-470f-807d-50fb616eaac5\" href=\"http:\/\/oulunsoittoniekka.fi\/wp-content\/uploads\/2022\/07\/DUR189.pdf\">Makita DUR189Z trimmeri<\/a><a href=\"http:\/\/oulunsoittoniekka.fi\/wp-content\/uploads\/2022\/07\/DUR189.pdf\" class=\"wp-block-file__button\" download aria-describedby=\"wp-block-file--media-6d7bb27f-f998-470f-807d-50fb616eaac5\">Lataa<\/a><\/div>\n","protected":false},"excerpt":{"rendered":"<p>T\u00e4lle sivulle on ker\u00e4tty t\u00e4rkeimm\u00e4t k\u00e4ytt\u00f6ohjeet. L\u00f6yd\u00e4t lis\u00e4\u00e4 ohjeita rakennuttajan toimittamasta asukaskansiosta. PihlaPro Swegon Casa Smart ilmanvaihtokone LVI-laitteet Makita ruohonleikkuri ja trimmeri<\/p>\n","protected":false},"author":1,"featured_media":0,"parent":0,"menu_order":0,"comment_status":"closed","ping_status":"closed","template":"","meta":{"footnotes":""},"class_list":["post-260","page","type-page","status-publish","hentry"],"_links":{"self":[{"href":"https:\/\/oulunsoittoniekka.fi\/index.php?rest_route=\/wp\/v2\/pages\/260","targetHints":{"allow":["GET"]}}],"collection":[{"href":"https:\/\/oulunsoittoniekka.fi\/index.php?rest_route=\/wp\/v2\/pages"}],"about":[{"href":"https:\/\/oulunsoittoniekka.fi\/index.php?rest_route=\/wp\/v2\/types\/page"}],"author":[{"embeddable":true,"href":"https:\/\/oulunsoittoniekka.fi\/index.php?rest_route=\/wp\/v2\/users\/1"}],"replies":[{"embeddable":true,"href":"https:\/\/oulunsoittoniekka.fi\/index.php?rest_route=%2Fwp%2Fv2%2Fcomments&post=260"}],"version-history":[{"count":13,"href":"https:\/\/oulunsoittoniekka.fi\/index.php?rest_route=\/wp\/v2\/pages\/260\/revisions"}],"predecessor-version":[{"id":372,"href":"https:\/\/oulunsoittoniekka.fi\/index.php?rest_route=\/wp\/v2\/pages\/260\/revisions\/372"}],"wp:attachment":[{"href":"https:\/\/oulunsoittoniekka.fi\/index.php?rest_route=%2Fwp%2Fv2%2Fmedia&parent=260"}],"curies":[{"name":"wp","href":"https:\/\/api.w.org\/{rel}","templated":true}]}}