{"id":263,"date":"2022-07-13T12:59:46","date_gmt":"2022-07-13T09:59:46","guid":{"rendered":"https:\/\/oulunsoittoniekka.fi\/?page_id=263"},"modified":"2022-07-14T12:45:34","modified_gmt":"2022-07-14T09:45:34","slug":"kiinnitysohjeet","status":"publish","type":"page","link":"https:\/\/oulunsoittoniekka.fi\/?page_id=263","title":{"rendered":"Ohjeistus sein\u00e4kiinnityksiin"},"content":{"rendered":"\n<ul class=\"wp-block-list\"><li>Kevyet v\u00e4lisein\u00e4t ovat yleens\u00e4 normaalikipsilevyverhoiltuja. Noudata kiinnikevalmistajan ohjeita esineit\u00e4 kiinnitt\u00e4ess\u00e4si.<\/li><li>Raskaampia esineit\u00e4 kiinnitett\u00e4ess\u00e4, kiinnitys kannattaa tehd\u00e4 runkotolpan kohdalle. Tolpat ovat yleens\u00e4 sein\u00e4ss\u00e4 600 mm jaolla.<\/li><li>Ennen kiinnitt\u00e4mist\u00e4, varmista esim. rakenneilmaisimen avulla, ettei poraus- tai ruuvauskohdalla sein\u00e4ss\u00e4 ole s\u00e4hk\u00f6johtoja tai vesiputkia.<\/li><li>M\u00e4rk\u00e4tilojen seiniin ei saa porata reiki\u00e4, ettei vesieristyskerros rikkoonnu. Mik\u00e4li m\u00e4rk\u00e4tiloihin halutaan tehd\u00e4 sein\u00e4kiinnityksi\u00e4, tulee ne tehd\u00e4 esim. epoksilla tai tarrakiinnityksell\u00e4.<\/li><li>Ulkoseinille kiinnitt\u00e4mist\u00e4 ei suositella, sill\u00e4 heti kipsilevyn takana sijaitseva h\u00f6yrynsulkumuovi rikkoutuu helposti.<\/li><\/ul>\n\n\n\n<p>Muun muuassa K-Rauta tarjoaa sein\u00e4kiinnityksiin liittyv\u00e4\u00e4 <a href=\"https:\/\/www.k-rauta.fi\/inspiraatio-ja-ohjeet\/tyokalut\/kiinnitys-kipsilevyyn\">lis\u00e4tietoa<\/a>.<\/p>\n\n\n\n<p><strong>Reikien poraaminen lattiaan on ehdottomasti kielletty lattial\u00e4mmitysputkien rikkoutumisvaaran takia.<\/strong><\/p>\n","protected":false},"excerpt":{"rendered":"<p>Kevyet v\u00e4lisein\u00e4t ovat yleens\u00e4 normaalikipsilevyverhoiltuja. Noudata kiinnikevalmistajan ohjeita esineit\u00e4 kiinnitt\u00e4ess\u00e4si. Raskaampia esineit\u00e4 kiinnitett\u00e4ess\u00e4, kiinnitys kannattaa tehd\u00e4 runkotolpan kohdalle. Tolpat ovat yleens\u00e4 sein\u00e4ss\u00e4 600 mm jaolla.&hellip;<\/p>\n","protected":false},"author":1,"featured_media":0,"parent":0,"menu_order":0,"comment_status":"closed","ping_status":"closed","template":"","meta":{"footnotes":""},"class_list":["post-263","page","type-page","status-publish","hentry"],"_links":{"self":[{"href":"https:\/\/oulunsoittoniekka.fi\/index.php?rest_route=\/wp\/v2\/pages\/263","targetHints":{"allow":["GET"]}}],"collection":[{"href":"https:\/\/oulunsoittoniekka.fi\/index.php?rest_route=\/wp\/v2\/pages"}],"about":[{"href":"https:\/\/oulunsoittoniekka.fi\/index.php?rest_route=\/wp\/v2\/types\/page"}],"author":[{"embeddable":true,"href":"https:\/\/oulunsoittoniekka.fi\/index.php?rest_route=\/wp\/v2\/users\/1"}],"replies":[{"embeddable":true,"href":"https:\/\/oulunsoittoniekka.fi\/index.php?rest_route=%2Fwp%2Fv2%2Fcomments&post=263"}],"version-history":[{"count":6,"href":"https:\/\/oulunsoittoniekka.fi\/index.php?rest_route=\/wp\/v2\/pages\/263\/revisions"}],"predecessor-version":[{"id":336,"href":"https:\/\/oulunsoittoniekka.fi\/index.php?rest_route=\/wp\/v2\/pages\/263\/revisions\/336"}],"wp:attachment":[{"href":"https:\/\/oulunsoittoniekka.fi\/index.php?rest_route=%2Fwp%2Fv2%2Fmedia&parent=263"}],"curies":[{"name":"wp","href":"https:\/\/api.w.org\/{rel}","templated":true}]}}