{"id":317,"date":"2022-07-14T12:07:12","date_gmt":"2022-07-14T09:07:12","guid":{"rendered":"https:\/\/oulunsoittoniekka.fi\/?page_id=317"},"modified":"2022-09-04T19:49:56","modified_gmt":"2022-09-04T16:49:56","slug":"huoneistojen-lampotilojen-saato","status":"publish","type":"page","link":"https:\/\/oulunsoittoniekka.fi\/?page_id=317","title":{"rendered":"Huoneistojen l\u00e4mp\u00f6tilan s\u00e4\u00e4t\u00f6"},"content":{"rendered":"\n<h2 class=\"wp-block-heading\">Huonetermostaatit lattial\u00e4mmitykselle<\/h2>\n\n\n\n<p>Huoneistojen l\u00e4mp\u00f6tilojen keskim\u00e4\u00e4r\u00e4inen s\u00e4\u00e4t\u00f6 tapahtuu keskitetysti l\u00e4mm\u00f6nvaihtimen asetuksien mukaisesti. L\u00e4mm\u00f6nvaihdin seuraa ulkol\u00e4mp\u00f6tilaa ja s\u00e4\u00e4t\u00e4\u00e4 sen perusteella vesikiertoisen lattial\u00e4mmityksen l\u00e4mp\u00f6tilaa.<\/p>\n\n\n\n<p>Osassa huoneista, esimerkiksi m\u00e4rk\u00e4tilat, ei ole lainkaan huonetermostaattia vaan l\u00e4mp\u00f6tilan s\u00e4\u00e4t\u00f6 tapahtuu ainoastaan keskitetysti. Niiss\u00e4 huoneissa, joissa termostaatti l\u00f6ytyy, voi sen avulla s\u00e4\u00e4t\u00e4\u00e4 huoneen l\u00e4mp\u00f6tilaa +-2\u00b0C.<\/p>\n\n\n\n<p>Yhti\u00f6n tasolla tavoiteltu l\u00e4mp\u00f6tila kuiviin tiloihin on 21\u00b0C (+-1\u00b0C) ja m\u00e4rk\u00e4tiloihin 23\u00b0C (+-1\u00b0C). Huonetermostaateilla ei tulisi s\u00e4\u00e4t\u00e4\u00e4 l\u00e4mp\u00f6tilaa paljon n\u00e4iden ohjearvojen ala- tai yl\u00e4puolelle. Jos m\u00e4rk\u00e4tilojen l\u00e4mp\u00f6tila poikkeaa yli vuorokauden ajan tavoitellusta tai poikkeaa huomattavasti edes lyhyemm\u00e4n ajan, tulisi asukkaan olla yhteydess\u00e4 <a href=\"https:\/\/oulunsoittoniekka.fi\/?page_id=94\" data-type=\"page\" data-id=\"94\">LVI Klaavoon<\/a>.  <\/p>\n\n\n\n<h2 class=\"wp-block-heading\">Ilmanvaihtokone<\/h2>\n\n\n\n<p>Yhti\u00f6n huoneistoissa on Swegon Casa Smart <a href=\"https:\/\/oulunsoittoniekka.fi\/?page_id=260\" data-type=\"page\" data-id=\"260\">koneellinen ilmanvaihto<\/a>, jossa on tulevan ilman esil\u00e4mmitys. Esil\u00e4mmitys toimii s\u00e4hk\u00f6vastuksella, joten laite kuluttaa huomattavasti enemm\u00e4n s\u00e4hk\u00f6energiaa kylmill\u00e4 keleill\u00e4. Swegon k\u00e4ytt\u00f6paneelista voi asukas s\u00e4\u00e4t\u00e4\u00e4 tulevan ilman l\u00e4mp\u00f6tilan, joka tulisi olla reilusti viile\u00e4mpi kuin huoneilma on. T\u00e4m\u00e4 siit\u00e4 syyst\u00e4, ett\u00e4 tuleva puhdas ilma sekoittuu paremmin huoneessa olevaan ilmaan ja my\u00f6s energiatehokkuuden vuoksi. <br>Ohjeellinen l\u00e4mp\u00f6tila tulevalle puhtaalle ilmalle on 16\u00b0C, mutta jos asukas tuntee vetoa sis\u00e4tiloissa, voi sit\u00e4 nostaa 1-2\u00b0C.<\/p>\n\n\n\n<h2 class=\"wp-block-heading\">Ilmal\u00e4mp\u00f6pumppu ja huoneiston j\u00e4\u00e4hdytys<\/h2>\n\n\n\n<p>Osakas voi hankkia huoneiston j\u00e4\u00e4hdytykseen ilmal\u00e4mp\u00f6pumpun. Ilmal\u00e4mp\u00f6pumpun asennuksesta tulee ilmoittaa yhti\u00f6lle ennen sen asennusta ja varmistua siit\u00e4, ett\u00e4 asennus tehd\u00e4\u00e4n siististi ja sellaisen yhti\u00f6n toimesta, jolla on lupa asentaa ilmal\u00e4mp\u00f6pumppuja.<br>Ilmal\u00e4mp\u00f6pumput eiv\u00e4t kuulu yhti\u00f6n kunnossapitovastuuseen vaan niist\u00e4 vastaa osakas itse.<br>Ilmal\u00e4mp\u00f6pumpun huollossa ja puhdistuksessa tulee noudattaa laitevalmistajan ohjeita. <br>Kev\u00e4\u00e4ll\u00e4 ennen j\u00e4\u00e4hdytyksen aloittamista tulisi varmistaa, ett\u00e4 ilmal\u00e4mp\u00f6pumpun kondenssivesiputki ei ole tukkeentunut. Jos putki on tukossa, voi ilmal\u00e4mp\u00f6pumppu aiheuttaa vesivahingon huoneistoon. <\/p>\n","protected":false},"excerpt":{"rendered":"<p>Huonetermostaatit lattial\u00e4mmitykselle Huoneistojen l\u00e4mp\u00f6tilojen keskim\u00e4\u00e4r\u00e4inen s\u00e4\u00e4t\u00f6 tapahtuu keskitetysti l\u00e4mm\u00f6nvaihtimen asetuksien mukaisesti. L\u00e4mm\u00f6nvaihdin seuraa ulkol\u00e4mp\u00f6tilaa ja s\u00e4\u00e4t\u00e4\u00e4 sen perusteella vesikiertoisen lattial\u00e4mmityksen l\u00e4mp\u00f6tilaa. Osassa huoneista, esimerkiksi m\u00e4rk\u00e4tilat,&hellip;<\/p>\n","protected":false},"author":1,"featured_media":0,"parent":0,"menu_order":0,"comment_status":"closed","ping_status":"closed","template":"","meta":{"footnotes":""},"class_list":["post-317","page","type-page","status-publish","hentry"],"_links":{"self":[{"href":"https:\/\/oulunsoittoniekka.fi\/index.php?rest_route=\/wp\/v2\/pages\/317","targetHints":{"allow":["GET"]}}],"collection":[{"href":"https:\/\/oulunsoittoniekka.fi\/index.php?rest_route=\/wp\/v2\/pages"}],"about":[{"href":"https:\/\/oulunsoittoniekka.fi\/index.php?rest_route=\/wp\/v2\/types\/page"}],"author":[{"embeddable":true,"href":"https:\/\/oulunsoittoniekka.fi\/index.php?rest_route=\/wp\/v2\/users\/1"}],"replies":[{"embeddable":true,"href":"https:\/\/oulunsoittoniekka.fi\/index.php?rest_route=%2Fwp%2Fv2%2Fcomments&post=317"}],"version-history":[{"count":8,"href":"https:\/\/oulunsoittoniekka.fi\/index.php?rest_route=\/wp\/v2\/pages\/317\/revisions"}],"predecessor-version":[{"id":396,"href":"https:\/\/oulunsoittoniekka.fi\/index.php?rest_route=\/wp\/v2\/pages\/317\/revisions\/396"}],"wp:attachment":[{"href":"https:\/\/oulunsoittoniekka.fi\/index.php?rest_route=%2Fwp%2Fv2%2Fmedia&parent=317"}],"curies":[{"name":"wp","href":"https:\/\/api.w.org\/{rel}","templated":true}]}}