{"id":454,"date":"2022-09-05T09:20:14","date_gmt":"2022-09-05T06:20:14","guid":{"rendered":"https:\/\/oulunsoittoniekka.fi\/?page_id=454"},"modified":"2022-09-05T18:35:03","modified_gmt":"2022-09-05T15:35:03","slug":"huoneistotieto","status":"publish","type":"page","link":"https:\/\/oulunsoittoniekka.fi\/?page_id=454","title":{"rendered":"Huoneistotieto"},"content":{"rendered":"\n<p><a rel=\"noreferrer noopener\" href=\"https:\/\/huoneistotieto.fi\" data-type=\"URL\" data-id=\"https:\/\/huoneistotieto.fi\" target=\"_blank\">Huoneistotieto<\/a> on <a href=\"https:\/\/oulunsoittoniekka.fi\/?page_id=94\" data-type=\"page\" data-id=\"94\">is\u00e4nn\u00f6itsij\u00e4n<\/a> tarjoama palvelu, josta l\u00f6yd\u00e4t oman asunnon ja yhti\u00f6n tiedot. <br>Voit tarkastella omaa vastike- ja maksuhistoriaa. Huoneistotiedon kautta l\u00f6yd\u00e4t my\u00f6s Soittoniekkaan liittyv\u00e4t viralliset dokumentit ja kokouksien p\u00f6yt\u00e4kirjat.<\/p>\n\n\n\n<p class=\"has-white-color has-text-color\">.<\/p>\n\n\n\n<p class=\"has-white-color has-text-color\">.<\/p>\n\n\n\n<p class=\"has-white-color has-text-color\">.<\/p>\n\n\n\n<p class=\"has-white-color has-text-color\">.<\/p>\n\n\n\n<p class=\"has-white-color has-text-color\">.<\/p>\n\n\n\n<p class=\"has-white-color has-text-color\">.<\/p>\n\n\n\n<p class=\"has-white-color has-text-color\">.<\/p>\n\n\n\n<p class=\"has-white-color has-text-color\">.<\/p>\n\n\n\n<p><\/p>\n","protected":false},"excerpt":{"rendered":"<p>Huoneistotieto on is\u00e4nn\u00f6itsij\u00e4n tarjoama palvelu, josta l\u00f6yd\u00e4t oman asunnon ja yhti\u00f6n tiedot. Voit tarkastella omaa vastike- ja maksuhistoriaa. Huoneistotiedon kautta l\u00f6yd\u00e4t my\u00f6s Soittoniekkaan liittyv\u00e4t viralliset&hellip;<\/p>\n","protected":false},"author":1,"featured_media":0,"parent":0,"menu_order":0,"comment_status":"closed","ping_status":"closed","template":"","meta":{"footnotes":""},"class_list":["post-454","page","type-page","status-publish","hentry"],"_links":{"self":[{"href":"https:\/\/oulunsoittoniekka.fi\/index.php?rest_route=\/wp\/v2\/pages\/454","targetHints":{"allow":["GET"]}}],"collection":[{"href":"https:\/\/oulunsoittoniekka.fi\/index.php?rest_route=\/wp\/v2\/pages"}],"about":[{"href":"https:\/\/oulunsoittoniekka.fi\/index.php?rest_route=\/wp\/v2\/types\/page"}],"author":[{"embeddable":true,"href":"https:\/\/oulunsoittoniekka.fi\/index.php?rest_route=\/wp\/v2\/users\/1"}],"replies":[{"embeddable":true,"href":"https:\/\/oulunsoittoniekka.fi\/index.php?rest_route=%2Fwp%2Fv2%2Fcomments&post=454"}],"version-history":[{"count":2,"href":"https:\/\/oulunsoittoniekka.fi\/index.php?rest_route=\/wp\/v2\/pages\/454\/revisions"}],"predecessor-version":[{"id":525,"href":"https:\/\/oulunsoittoniekka.fi\/index.php?rest_route=\/wp\/v2\/pages\/454\/revisions\/525"}],"wp:attachment":[{"href":"https:\/\/oulunsoittoniekka.fi\/index.php?rest_route=%2Fwp%2Fv2%2Fmedia&parent=454"}],"curies":[{"name":"wp","href":"https:\/\/api.w.org\/{rel}","templated":true}]}}