{"id":55,"date":"2022-07-12T15:42:32","date_gmt":"2022-07-12T12:42:32","guid":{"rendered":"https:\/\/oulunsoittoniekka.fi\/?page_id=55"},"modified":"2026-02-03T20:13:15","modified_gmt":"2026-02-03T18:13:15","slug":"jatehuolto","status":"publish","type":"page","link":"https:\/\/oulunsoittoniekka.fi\/?page_id=55","title":{"rendered":"Kierr\u00e4tys ja j\u00e4tehuolto"},"content":{"rendered":"\n<p>Oulun Soittoniekka yhti\u00f6ll\u00e4 on j\u00e4tteiden keruuastiat polttokelpoiselle, bioj\u00e4tteelle, ker\u00e4yskartongille, paperille, lasille, pienmetallille ja muoville. Lajitteluohjeet l\u00f6ytyv\u00e4t <a href=\"https:\/\/kiertokaari.fi\/lajittelu-ja-kierratys\/\">Kiertokaari-sivuilta<\/a>.<br>Jos asukkaalla on n\u00e4ihin astioihin kelpaamatonta j\u00e4tett\u00e4, on se asukkaan omalla vastuulla kierr\u00e4tt\u00e4\u00e4 oikeaoppisesti.<br><br>J\u00e4tteet tulisi aina mahtua niille tarkoitettuihin keruuastioihin, eik\u00e4 mit\u00e4\u00e4n j\u00e4tett\u00e4 tulisi j\u00e4tt\u00e4\u00e4 keruuastioiden ulkopuolelle. Vaatteet, huonekalut ja kaikki muu k\u00e4ytt\u00f6kelpoinen tavara kannattaa mieluummin vied\u00e4 <a href=\"https:\/\/www.ouka.fi\/oulu\/ymparisto-ja-luonto\/kierratyskeskus\">Oulun kierr\u00e4tyskeskukseen<\/a> sen sijaan, ett\u00e4 niit\u00e4 j\u00e4tet\u00e4\u00e4n j\u00e4teastian ulkopuolelle.<br>Isommat ker\u00e4yskartonkij\u00e4tteet voi asukas my\u00f6s mahdollisuuksien mukaan vied\u00e4 itse niille tarkoitetuille ilmaisille <a href=\"https:\/\/rinkiin.fi\">Rinki-ekopisteille<\/a>, joita l\u00f6ytyy muun muuassa useimpien isompien kauppakeskuksien parkkipaikkojen liepeilt\u00e4.<\/p>\n\n\n\n<p>Oulun Soittoniekan j\u00e4teastioiden tyhjennysv\u00e4lit on listattu alla olevassa taulukossa. Mik\u00e4li astiat alkavat olemaan t\u00e4ysi\u00e4 ennen tyhjennyst\u00e4, voidaan tyhjennysrytmi\u00e4 tihent\u00e4\u00e4, mutta t\u00e4m\u00e4 on aina maksullista Soittoniekka-yhti\u00f6lle. <br><\/p>\n\n\n\n<figure class=\"wp-block-table\"><table><thead><tr><th class=\"has-text-align-left\" data-align=\"left\">J\u00e4telaji<\/th><th class=\"has-text-align-center\" data-align=\"center\">Tilavuus (m3)<\/th><th class=\"has-text-align-center\" data-align=\"center\">Tyhjennysrytmi<\/th><\/tr><\/thead><tbody><tr><td class=\"has-text-align-left\" data-align=\"left\">Polttokelpoinen<\/td><td class=\"has-text-align-center\" data-align=\"center\">5<\/td><td class=\"has-text-align-center\" data-align=\"center\">3 vko<\/td><\/tr><tr><td class=\"has-text-align-left\" data-align=\"left\">Bioj\u00e4te<\/td><td class=\"has-text-align-center\" data-align=\"center\">0,8<\/td><td class=\"has-text-align-center\" data-align=\"center\">5 vko talvella, 4 vko kes\u00e4ll\u00e4<\/td><\/tr><tr><td class=\"has-text-align-left\" data-align=\"left\">Ker\u00e4yskartonki<\/td><td class=\"has-text-align-center\" data-align=\"center\">3<\/td><td class=\"has-text-align-center\" data-align=\"center\">3 vko<\/td><\/tr><tr><td class=\"has-text-align-left\" data-align=\"left\">Paperinker\u00e4ys<\/td><td class=\"has-text-align-center\" data-align=\"center\">3<\/td><td class=\"has-text-align-center\" data-align=\"center\">8 vko<\/td><\/tr><tr><td class=\"has-text-align-left\" data-align=\"left\">Ker\u00e4yslasi<\/td><td class=\"has-text-align-center\" data-align=\"center\">0,8<\/td><td class=\"has-text-align-center\" data-align=\"center\">8 vko<\/td><\/tr><tr><td class=\"has-text-align-left\" data-align=\"left\">Pienmetalli<\/td><td class=\"has-text-align-center\" data-align=\"center\">0,8<\/td><td class=\"has-text-align-center\" data-align=\"center\">8 vko<\/td><\/tr><tr><td class=\"has-text-align-left\" data-align=\"left\">Muovinker\u00e4ys<\/td><td class=\"has-text-align-center\" data-align=\"center\">5<\/td><td class=\"has-text-align-center\" data-align=\"center\">3 vko<\/td><\/tr><\/tbody><\/table><\/figure>\n","protected":false},"excerpt":{"rendered":"<p>Oulun Soittoniekka yhti\u00f6ll\u00e4 on j\u00e4tteiden keruuastiat polttokelpoiselle, bioj\u00e4tteelle, ker\u00e4yskartongille, paperille, lasille, pienmetallille ja muoville. Lajitteluohjeet l\u00f6ytyv\u00e4t Kiertokaari-sivuilta.Jos asukkaalla on n\u00e4ihin astioihin kelpaamatonta j\u00e4tett\u00e4, on se&hellip;<\/p>\n","protected":false},"author":1,"featured_media":0,"parent":0,"menu_order":0,"comment_status":"closed","ping_status":"closed","template":"","meta":{"footnotes":""},"class_list":["post-55","page","type-page","status-publish","hentry"],"_links":{"self":[{"href":"https:\/\/oulunsoittoniekka.fi\/index.php?rest_route=\/wp\/v2\/pages\/55","targetHints":{"allow":["GET"]}}],"collection":[{"href":"https:\/\/oulunsoittoniekka.fi\/index.php?rest_route=\/wp\/v2\/pages"}],"about":[{"href":"https:\/\/oulunsoittoniekka.fi\/index.php?rest_route=\/wp\/v2\/types\/page"}],"author":[{"embeddable":true,"href":"https:\/\/oulunsoittoniekka.fi\/index.php?rest_route=\/wp\/v2\/users\/1"}],"replies":[{"embeddable":true,"href":"https:\/\/oulunsoittoniekka.fi\/index.php?rest_route=%2Fwp%2Fv2%2Fcomments&post=55"}],"version-history":[{"count":9,"href":"https:\/\/oulunsoittoniekka.fi\/index.php?rest_route=\/wp\/v2\/pages\/55\/revisions"}],"predecessor-version":[{"id":596,"href":"https:\/\/oulunsoittoniekka.fi\/index.php?rest_route=\/wp\/v2\/pages\/55\/revisions\/596"}],"wp:attachment":[{"href":"https:\/\/oulunsoittoniekka.fi\/index.php?rest_route=%2Fwp%2Fv2%2Fmedia&parent=55"}],"curies":[{"name":"wp","href":"https:\/\/api.w.org\/{rel}","templated":true}]}}