{"id":58,"date":"2022-07-12T15:43:20","date_gmt":"2022-07-12T12:43:20","guid":{"rendered":"https:\/\/oulunsoittoniekka.fi\/?page_id=58"},"modified":"2022-09-04T19:51:47","modified_gmt":"2022-09-04T16:51:47","slug":"asuntojen-tekniikka-ja-huolto","status":"publish","type":"page","link":"https:\/\/oulunsoittoniekka.fi\/?page_id=58","title":{"rendered":"Asukkaan velvollisuudet"},"content":{"rendered":"\n<div class=\"wp-block-columns is-layout-flex wp-container-core-columns-is-layout-9d6595d7 wp-block-columns-is-layout-flex\">\n<div class=\"wp-block-column is-layout-flow wp-block-column-is-layout-flow\">\n<h2 class=\"wp-block-heading\">Asunnosta huolehtiminen<\/h2>\n\n\n\n<p>Oikea ja riitt\u00e4v\u00e4n usein tehty huolto s\u00e4ilytt\u00e4\u00e4 rakennukset toimintakuntoisena ja siistin\u00e4 pidemp\u00e4\u00e4n. Riitt\u00e4v\u00e4ll\u00e4 huollolla varmistetaan my\u00f6s, ett\u00e4 tarve remonteille on harvemmin.<\/p>\n\n\n\n<p>Jokaisen asukkaan velvollisuus on pit\u00e4\u00e4 huolta ja huoltaa oma asuntonsa <a href=\"https:\/\/oulunsoittoniekka.fi\/?page_id=61\" data-type=\"page\" data-id=\"61\">huolto-ohjelman<\/a> mukaisesti. Havaituista vioista tulisi ilmoittaa viipym\u00e4tt\u00e4 <a href=\"https:\/\/oulunsoittoniekka.fi\/?page_id=64\" data-type=\"page\" data-id=\"64\">kiinteist\u00f6huoltoon<\/a> erityisesti tilanteissa, joissa vika voi aiheuttaa laajempia vaurioita.<\/p>\n\n\n\n<p>Ilmanvaihto-konetta ei saa kytke\u00e4 kokonaan pois p\u00e4\u00e4lt\u00e4 miss\u00e4\u00e4n olosuhteissa edes asunnossa poissaolon ajaksi. IV-koneen poissa-asetus voidaan asettaa esimerkiksi lomamatkan ajaksi ja tehostusta on syyt\u00e4 k\u00e4ytt\u00e4\u00e4 peseytymisen ja saunomisen yhteydess\u00e4. Yleisesti kone pidet\u00e4\u00e4n kotona-asetuksella. IV-koneen suodattimet tulee vaihtaa kaksi kertaa vuodessa. Tutustu koneen <a href=\"https:\/\/oulunsoittoniekka.fi\/?page_id=260\" data-type=\"page\" data-id=\"260\">k\u00e4ytt\u00f6ohjeeseen<\/a> ja <a href=\"https:\/\/oulunsoittoniekka.fi\/?page_id=317\" data-type=\"page\" data-id=\"317\">l\u00e4mp\u00f6tilas\u00e4\u00e4t\u00f6\u00f6n<\/a> tarkemmin.<\/p>\n\n\n\n<p>Tulo- ja poistoilmaventtiilit tulee puhdistaa imuroimalla tai kevyesti pyyhkim\u00e4ll\u00e4, varo kuitenkin muuttamasta venttiilien s\u00e4\u00e4t\u00f6j\u00e4. Sein\u00e4mallisissa tuloilmaventtiileiss\u00e4 voi olla ritil\u00e4n takana s\u00e4\u00e4t\u00f6teippej\u00e4, joita ei saa poistaa.<\/p>\n\n\n\n<p>Asukkaan oma piha-alue tulee pit\u00e4\u00e4 siistin\u00e4. Yhti\u00f6lle on hankittu <a href=\"https:\/\/oulunsoittoniekka.fi\/?page_id=79\" data-type=\"page\" data-id=\"79\">ruohonleikkuri ja trimmeri<\/a> asukkaan omien ja yhti\u00f6n yhteisten alueiden hoitoon.<\/p>\n\n\n\n<h2 class=\"wp-block-heading\">Kotivakuutus<\/h2>\n\n\n\n<p>Jokaisen asukkaan tulee huolehtia, ett\u00e4 heid\u00e4n asunnossaan on voimassa oleva ja riitt\u00e4v\u00e4  kotivakuutus.<\/p>\n<\/div>\n\n\n\n<div class=\"wp-block-column is-layout-flow wp-block-column-is-layout-flow\">\n<h2 class=\"wp-block-heading\">Naapureiden huomioiminen<\/h2>\n\n\n\n<p>Jotta pihapiiri s\u00e4ilyy viihtyis\u00e4n\u00e4 ja naapurisopu s\u00e4ilyy, tulisi omassa toiminnassaan huomioida my\u00f6s naapuruston muut asukkaat.<br><br>Sis\u00e4pihalla ja Soittajankujalla ajaessa tulisi huomioida, ett\u00e4 alueella asuu paljon pieni\u00e4 lapsia, joten ymp\u00e4rist\u00f6ss\u00e4 kannattaa noudattaa erityist\u00e4 varovaisuutta ja ajaa rauhallisesti.<br><br>Asukkaiden tulisi my\u00f6s tutustua yhti\u00f6n <a href=\"https:\/\/oulunsoittoniekka.fi\/?page_id=50\" data-type=\"page\" data-id=\"50\">j\u00e4rjestyss\u00e4\u00e4nt\u00f6ihin<\/a> ja pyrki\u00e4 el\u00e4m\u00e4\u00e4n niiden mukaisesti. Muita asukkaita kannattaa informoida etuk\u00e4teen, jos on tulossa jotain, josta muut voivat h\u00e4iriinty\u00e4, kuten remontteja, juhlia tai muuta \u00e4\u00e4nek\u00e4st\u00e4.<br><br>Soittoniekan talot on tehty el\u00e4mist\u00e4 varten ja yhdess\u00e4 asioista puhumalla ja sopimalla, s\u00e4ilyy ymp\u00e4rist\u00f6 kaikille mieluisana paikkana asua. <br>Jos jokin asia toisen asukkaan toiminnassa alkaa hiert\u00e4m\u00e4\u00e4n, kannattaa siit\u00e4 ihan reilusti ja asiallisesti keskustella ensin kyseisen henkil\u00f6n kanssa. Jos se ei auta, voi asiassa olla yhteydess\u00e4 <a href=\"https:\/\/oulunsoittoniekka.fi\/?page_id=94\" data-type=\"page\" data-id=\"94\">is\u00e4nn\u00f6itsij\u00e4\u00e4n<\/a> ja viime k\u00e4dess\u00e4 <a href=\"https:\/\/oulunsoittoniekka.fi\/?page_id=94\" data-type=\"page\" data-id=\"94\">yhti\u00f6n hallitukseen<\/a>.  <\/p>\n\n\n\n<p><\/p>\n<\/div>\n<\/div>\n","protected":false},"excerpt":{"rendered":"<p>Asunnosta huolehtiminen Oikea ja riitt\u00e4v\u00e4n usein tehty huolto s\u00e4ilytt\u00e4\u00e4 rakennukset toimintakuntoisena ja siistin\u00e4 pidemp\u00e4\u00e4n. Riitt\u00e4v\u00e4ll\u00e4 huollolla varmistetaan my\u00f6s, ett\u00e4 tarve remonteille on harvemmin. Jokaisen asukkaan&hellip;<\/p>\n","protected":false},"author":1,"featured_media":0,"parent":0,"menu_order":0,"comment_status":"closed","ping_status":"closed","template":"","meta":{"footnotes":""},"class_list":["post-58","page","type-page","status-publish","hentry"],"_links":{"self":[{"href":"https:\/\/oulunsoittoniekka.fi\/index.php?rest_route=\/wp\/v2\/pages\/58","targetHints":{"allow":["GET"]}}],"collection":[{"href":"https:\/\/oulunsoittoniekka.fi\/index.php?rest_route=\/wp\/v2\/pages"}],"about":[{"href":"https:\/\/oulunsoittoniekka.fi\/index.php?rest_route=\/wp\/v2\/types\/page"}],"author":[{"embeddable":true,"href":"https:\/\/oulunsoittoniekka.fi\/index.php?rest_route=\/wp\/v2\/users\/1"}],"replies":[{"embeddable":true,"href":"https:\/\/oulunsoittoniekka.fi\/index.php?rest_route=%2Fwp%2Fv2%2Fcomments&post=58"}],"version-history":[{"count":19,"href":"https:\/\/oulunsoittoniekka.fi\/index.php?rest_route=\/wp\/v2\/pages\/58\/revisions"}],"predecessor-version":[{"id":398,"href":"https:\/\/oulunsoittoniekka.fi\/index.php?rest_route=\/wp\/v2\/pages\/58\/revisions\/398"}],"wp:attachment":[{"href":"https:\/\/oulunsoittoniekka.fi\/index.php?rest_route=%2Fwp%2Fv2%2Fmedia&parent=58"}],"curies":[{"name":"wp","href":"https:\/\/api.w.org\/{rel}","templated":true}]}}