{"id":79,"date":"2022-07-12T15:55:28","date_gmt":"2022-07-12T12:55:28","guid":{"rendered":"https:\/\/oulunsoittoniekka.fi\/?page_id=79"},"modified":"2023-05-27T10:13:33","modified_gmt":"2023-05-27T07:13:33","slug":"pihan-hoito","status":"publish","type":"page","link":"https:\/\/oulunsoittoniekka.fi\/?page_id=79","title":{"rendered":"Pihan hoito"},"content":{"rendered":"\n<h2 class=\"wp-block-heading\">Talvi<\/h2>\n\n\n\n<p>Talvikunnossapidosta vastaa <a href=\"https:\/\/oulunsoittoniekka.fi\/?page_id=94\" data-type=\"page\" data-id=\"94\">huoltoyhti\u00f6<\/a>.<\/p>\n\n\n\n<h2 class=\"wp-block-heading\">Kes\u00e4<\/h2>\n\n\n\n<p>Pihan kes\u00e4kunnossapidosta vastaavat Oulun Soittoniekan osakkaat itse.<\/p>\n\n\n\n<p>Kes\u00e4n 2023 leikkuuvuorot n\u00e4et t\u00e4\u00e4lt\u00e4: <a href=\"https:\/\/oulunsoittoniekka.fi\/?p=562\" data-type=\"post\" data-id=\"562\">Kes\u00e4n 2023 ruohonleikkuuvuorot<\/a><\/p>\n\n\n\n<p><\/p>\n\n\n\n<h3 class=\"wp-block-heading\"><strong>Pihanhoitov\u00e4lineet<\/strong><\/h3>\n\n\n\n<p>Oulun Soittoniekka yhti\u00f6lle on hankittu yhteiseen k\u00e4ytt\u00f6\u00f6n Makitan akkuk\u00e4ytt\u00f6inen DLM460Z ruohonleikkuri ja DUR189Z trimmeri. Trimmeri ja ruohonleikkuri sijaitsevat v\u00e4est\u00f6suojan eteisess\u00e4 kes\u00e4kaudella, josta ne siirret\u00e4\u00e4n talveksi varaston puolelle. Laitteet ovat vapaasti asukkaiden k\u00e4ytett\u00e4viss\u00e4 pihapiirin yhteisien ja omien nurmialueiden hoitoon. My\u00f6hemmin pyrimme ottamaan k\u00e4ytt\u00f6\u00f6n varausj\u00e4rjestelm\u00e4n, jolloin laitteiden k\u00e4yt\u00f6n suunnittelu helpottuu.<\/p>\n\n\n\n<h4 class=\"wp-block-heading\">Ennen k\u00e4ytt\u00f6\u00e4<\/h4>\n\n\n\n<p>Ennen k\u00e4ytt\u00f6\u00e4 tulisi tutustua laitteiden <a href=\"https:\/\/oulunsoittoniekka.fi\/?page_id=260\" data-type=\"page\" data-id=\"260\">k\u00e4ytt\u00f6- ja turvaohjeisiin<\/a>. Aseta akut laitteisiin vasta sen j\u00e4lkeen, kun olet tutustunut niiden ohjeisiin ja toimintaan.&nbsp;K\u00e4yt\u00e4 aina suojalaseja ja asianmukaisia suojavarusteita trimmeri\u00e4 tai ruohonleikkuria k\u00e4ytt\u00e4ess\u00e4!<\/p>\n\n\n\n<h4 class=\"wp-block-heading\">K\u00e4yt\u00f6n j\u00e4lkeen<\/h4>\n\n\n\n<p>K\u00e4yt\u00f6n j\u00e4lkeen poista laitteista ensimm\u00e4iseksi akut ja laita ne laturiin. Puhdista laitteet niille varatulla harjalla ja lis\u00e4ksi ruohonleikkurin ruohos\u00e4ili\u00f6 tulisi tyhjent\u00e4\u00e4 bioj\u00e4teastiaan.<\/p>\n\n\n\n<p>Jos laitteiden k\u00e4yt\u00f6ss\u00e4 on jotain kysytt\u00e4v\u00e4\u00e4, voit olla yhteydess\u00e4 yhti\u00f6n <a href=\"https:\/\/oulunsoittoniekka.fi\/?page_id=94\" data-type=\"page\" data-id=\"94\">hallitukseen<\/a>.<\/p>\n\n\n\n<p><\/p>\n\n\n\n<h3 class=\"wp-block-heading\"><strong>Siivous<\/strong><\/h3>\n\n\n\n<p>Kev\u00e4tsiivous on teht\u00e4v\u00e4 heti kun se on mahdollista alueiden kuivuttua riitt\u00e4v\u00e4sti.<br>Talvella levitetty hiekoitushiekka poistetaan heti lumen sulamisen j\u00e4lkeen, jolloin se ei viel\u00e4 p\u00f6lise.<br>Lehdet haravoidaan pois nurmikolta ja istutusalueet siistit\u00e4\u00e4n roskista.<\/p>\n\n\n\n<p>Syksyisin poistetaan tippuneet lehdet nurmikoilta. Istutusalueilla mahdollisesti olevat kastelusyvennykset tasoitetaan, ettei vesi ker\u00e4\u00e4nny kasvien juurelle ja vahingoita niit\u00e4.<\/p>\n\n\n\n<h3 class=\"wp-block-heading\"><strong>Nurmikoiden hoito<\/strong><\/h3>\n\n\n\n<p>Nurmikoiden leikkaus on pyritt\u00e4v\u00e4 suorittamaan kuivalla s\u00e4\u00e4ll\u00e4. Leikkaus tehd\u00e4\u00e4n niin usein, ettei leikkausj\u00e4tett\u00e4 tarvitse erikseen haravoida pois. Puiden ja erilaisten varusteiden ymp\u00e4rist\u00f6t leikataan tarvittaessa k\u00e4sity\u00f6v\u00e4linein.&nbsp;Erityisen varovainen on oltava puiden runkojen l\u00e4heisyydess\u00e4, ettei niit\u00e4 vahingoiteta ja aiheuteta pysyvi\u00e4 runkovikoja.<\/p>\n\n\n\n<p>Normaali leikkauskorkeus on max 5 cm, syksyn viimeisess\u00e4 leikkauksessa leikkuukorkeus j\u00e4tet\u00e4\u00e4n hieman korkeammaksi talvehtimisen takia.<\/p>\n\n\n\n<p>Nurmikot paikataan heti kev\u00e4\u00e4ll\u00e4. Pinta rikotaan jyrsimell\u00e4 ja haravalla, lis\u00e4t\u00e4\u00e4n kerros uutta multaa ja kylvet\u00e4\u00e4n uusi siemen. Siemenet peitet\u00e4\u00e4n haravalla ja pinta tiivistet\u00e4\u00e4n.<\/p>\n\n\n\n<h3 class=\"wp-block-heading\"><strong>Pensaiden hoito<\/strong><\/h3>\n\n\n\n<p>Pensasryhm\u00e4t tarkistetaan kev\u00e4\u00e4ll\u00e4 ennen kasvuunl\u00e4ht\u00f6\u00e4. Poistetaan sairaat, katkenneet ja kuivuneet oksat pensaan tyve\u00e4 tai tervett\u00e4 oksanhaaraa my\u00f6ten. Tarvittaessa leikataan lis\u00e4ksi vanhimpia oksia tyve\u00e4 my\u00f6ten pensasta harkitusti harventaen, mutta niin ettei sen ulkomuoto varsinaisesti muutu. Pensasaidat leikataan muotoon. Uutta kasvua j\u00e4tet\u00e4\u00e4n korkeintaan 20 cm\/kasvukausi. Sivut tasataan siten, ett\u00e4 aita kapenee yl\u00e4osaa kohti. Leikkaus tehd\u00e4\u00e4n hein\u00e4\/elokuun vaihteessa. Kun haluttu korkeus (1,8\u20132,0 m) on saavutettu, pidet\u00e4\u00e4n aita kurissa voimakkaalla leikkauksella.<\/p>\n\n\n\n<h3 class=\"wp-block-heading\"><strong>Kastelu<\/strong><\/h3>\n\n\n\n<p>Pensasalustoja kastellaan 10\u201320 litraa\/taimi ja puita 50\u2013100 litraa\/taimi. Kastelun j\u00e4lkeen tiivistynyt maanpinta muokataan haihtumisen est\u00e4miseksi. Nurmikoita voi joutua kastelemaan pitkin\u00e4 poutakausina. Kastelu pyrit\u00e4\u00e4n antamaan illalla ja tyynell\u00e4 ilmalla, jolloin haihtuminen on v\u00e4h\u00e4isint\u00e4.<\/p>\n\n\n\n<h3 class=\"wp-block-heading\"><strong>Vuotuislannoitukset<\/strong><\/h3>\n\n\n\n<p>Kev\u00e4isin annetaan typpipitoisia lannoitteita ja raekalkkia valmistajien antamien ohjeiden mukaan. Syksyll\u00e4 annetaan v\u00e4h\u00e4typpisi\u00e4 tai typett\u00f6mi\u00e4 lannoitteita talvenkest\u00e4vyyden parantamiseksi. Nurmikko voidaan lannoittaa erityisesti nurmikolle tarkoitetulla lannoitteella, esim. Biolanin kalkitseva nurmikkolannoite tai Nurmikon kestolannoksella. Hoitolannoitukset aloitetaan istutusta seuraavana vuonna. 5\u20137 vuoden v\u00e4lein maasta kannattaa ottaa viljavuusn\u00e4ytteet ravinnetason selvitt\u00e4miseksi ja lannoitusohjeiden t\u00e4sment\u00e4miseksi.<\/p>\n\n\n\n<h3 class=\"wp-block-heading\"><strong>Kasvitaudit ja -tuholaiset<\/strong><\/h3>\n\n\n\n<p>Jos vaurioita havaitaan, torjuntaan ryhdyt\u00e4\u00e4n heti tarkoitukseen sopivaa torjunta-ainetta k\u00e4ytt\u00e4en.<\/p>\n\n\n\n<p><\/p>\n","protected":false},"excerpt":{"rendered":"<p>Talvi Talvikunnossapidosta vastaa huoltoyhti\u00f6. Kes\u00e4 Pihan kes\u00e4kunnossapidosta vastaavat Oulun Soittoniekan osakkaat itse. Kes\u00e4n 2023 leikkuuvuorot n\u00e4et t\u00e4\u00e4lt\u00e4: Kes\u00e4n 2023 ruohonleikkuuvuorot Pihanhoitov\u00e4lineet Oulun Soittoniekka yhti\u00f6lle on&hellip;<\/p>\n","protected":false},"author":1,"featured_media":0,"parent":0,"menu_order":0,"comment_status":"closed","ping_status":"closed","template":"","meta":{"footnotes":""},"class_list":["post-79","page","type-page","status-publish","hentry"],"_links":{"self":[{"href":"https:\/\/oulunsoittoniekka.fi\/index.php?rest_route=\/wp\/v2\/pages\/79","targetHints":{"allow":["GET"]}}],"collection":[{"href":"https:\/\/oulunsoittoniekka.fi\/index.php?rest_route=\/wp\/v2\/pages"}],"about":[{"href":"https:\/\/oulunsoittoniekka.fi\/index.php?rest_route=\/wp\/v2\/types\/page"}],"author":[{"embeddable":true,"href":"https:\/\/oulunsoittoniekka.fi\/index.php?rest_route=\/wp\/v2\/users\/1"}],"replies":[{"embeddable":true,"href":"https:\/\/oulunsoittoniekka.fi\/index.php?rest_route=%2Fwp%2Fv2%2Fcomments&post=79"}],"version-history":[{"count":10,"href":"https:\/\/oulunsoittoniekka.fi\/index.php?rest_route=\/wp\/v2\/pages\/79\/revisions"}],"predecessor-version":[{"id":571,"href":"https:\/\/oulunsoittoniekka.fi\/index.php?rest_route=\/wp\/v2\/pages\/79\/revisions\/571"}],"wp:attachment":[{"href":"https:\/\/oulunsoittoniekka.fi\/index.php?rest_route=%2Fwp%2Fv2%2Fmedia&parent=79"}],"curies":[{"name":"wp","href":"https:\/\/api.w.org\/{rel}","templated":true}]}}