{"id":94,"date":"2022-07-12T16:31:57","date_gmt":"2022-07-12T13:31:57","guid":{"rendered":"https:\/\/oulunsoittoniekka.fi\/?page_id=94"},"modified":"2023-05-27T18:00:09","modified_gmt":"2023-05-27T15:00:09","slug":"yhteystiedot","status":"publish","type":"page","link":"https:\/\/oulunsoittoniekka.fi\/?page_id=94","title":{"rendered":"Yhteystiedot"},"content":{"rendered":"\n<h2 class=\"wp-block-heading\">Is\u00e4nn\u00f6inti<\/h2>\n\n\n\n<p><strong><a rel=\"noreferrer noopener\" href=\"https:\/\/www.isannointivuorma.fi\" data-type=\"URL\" data-id=\"https:\/\/www.isannointivuorma.fi\" target=\"_blank\">Is\u00e4nn\u00f6inti Vuorma Oy<\/a><\/strong><\/p>\n\n\n\n<p>Soittoniekan is\u00e4nn\u00f6itsij\u00e4n\u00e4 toimii<strong> Vuorma<\/strong> <strong>Is\u00e4nn\u00f6inti<\/strong>.<br>Is\u00e4nn\u00f6itsij\u00e4\u00e4n voi olla yhteydess\u00e4 kiireett\u00f6miss\u00e4 vikatapauksissa ja hallinnollisissa asioissa.<\/p>\n\n\n\n<figure class=\"wp-block-table is-style-regular\"><table class=\"has-fixed-layout\"><tbody><tr><td>Lomakkeet<\/td><td><a href=\"https:\/\/vuorma.fi\/asukkaalle-ja-osakkaalle\/#lomakkeet\" target=\"_blank\" rel=\"noreferrer noopener\">https:\/\/vuorma.fi\/asukkaalle-ja-osakkaalle\/#lomakkeet<\/a><\/td><\/tr><tr><td>Yhteystiedot<\/td><td><a href=\"https:\/\/vuorma.fi\/yhteystiedot\/\" target=\"_blank\" rel=\"noreferrer noopener\">https:\/\/vuorma.fi\/yhteystiedot\/<\/a><\/td><\/tr><\/tbody><\/table><\/figure>\n\n\n\n<h2 class=\"wp-block-heading\">Kiinteist\u00f6huolto<\/h2>\n\n\n\n<p><strong><a rel=\"noreferrer noopener\" href=\"https:\/\/huoltia.fi\" data-type=\"URL\" data-id=\"https:\/\/huoltia.fi\" target=\"_blank\">Huoltia Oy<\/a><\/strong><\/p>\n\n\n\n<p>Kiinteist\u00f6huoltoon voi ottaa yhteytt\u00e4 kiireellisiss\u00e4 vikatapauksissa ja oven avauksissa.<\/p>\n\n\n\n<figure class=\"wp-block-table\"><table class=\"has-fixed-layout\"><tbody><tr><td>P\u00e4ivystysnumero<\/td><td><a href=\"tel:+358400177635\" data-type=\"tel\" data-id=\"tel:+358400177635\">+358 400 177 635<\/a><\/td><\/tr><\/tbody><\/table><\/figure>\n\n\n\n<div class=\"wp-block-columns is-layout-flex wp-container-core-columns-is-layout-9d6595d7 wp-block-columns-is-layout-flex\">\n<div class=\"wp-block-column is-layout-flow wp-block-column-is-layout-flow\" style=\"flex-basis:100%\"><\/div>\n<\/div>\n\n\n\n<h2 class=\"wp-block-heading\">Oulun Soittoniekka Yhti\u00f6n hallitus<\/h2>\n\n\n\n<p>Oulun Soittoniekka yhti\u00f6n hallitus koostuu nelj\u00e4st\u00e4 j\u00e4senest\u00e4: puheenjohtaja, j\u00e4sen ja kaksi varaj\u00e4sent\u00e4<\/p>\n\n\n\n<figure class=\"wp-block-table\"><table><tbody><tr><td>Hallituksen puheenjohtaja: Kimmo Lepp\u00e4l\u00e4<\/td><td><a rel=\"noreferrer noopener\" href=\"mailto:hallitus@oulunsoittoniekka.fi\" data-type=\"mailto\" data-id=\"mailto:hallitus@oulunsoittoniekka.fi\" target=\"_blank\">hallitus@oulunsoittoniekka.fi<\/a><\/td><\/tr><\/tbody><\/table><\/figure>\n","protected":false},"excerpt":{"rendered":"<p>Is\u00e4nn\u00f6inti Is\u00e4nn\u00f6inti Vuorma Oy Soittoniekan is\u00e4nn\u00f6itsij\u00e4n\u00e4 toimii Vuorma Is\u00e4nn\u00f6inti.Is\u00e4nn\u00f6itsij\u00e4\u00e4n voi olla yhteydess\u00e4 kiireett\u00f6miss\u00e4 vikatapauksissa ja hallinnollisissa asioissa. Lomakkeet https:\/\/vuorma.fi\/asukkaalle-ja-osakkaalle\/#lomakkeet Yhteystiedot https:\/\/vuorma.fi\/yhteystiedot\/ Kiinteist\u00f6huolto Huoltia Oy Kiinteist\u00f6huoltoon&hellip;<\/p>\n","protected":false},"author":1,"featured_media":0,"parent":0,"menu_order":0,"comment_status":"closed","ping_status":"closed","template":"","meta":{"footnotes":""},"class_list":["post-94","page","type-page","status-publish","hentry"],"_links":{"self":[{"href":"https:\/\/oulunsoittoniekka.fi\/index.php?rest_route=\/wp\/v2\/pages\/94","targetHints":{"allow":["GET"]}}],"collection":[{"href":"https:\/\/oulunsoittoniekka.fi\/index.php?rest_route=\/wp\/v2\/pages"}],"about":[{"href":"https:\/\/oulunsoittoniekka.fi\/index.php?rest_route=\/wp\/v2\/types\/page"}],"author":[{"embeddable":true,"href":"https:\/\/oulunsoittoniekka.fi\/index.php?rest_route=\/wp\/v2\/users\/1"}],"replies":[{"embeddable":true,"href":"https:\/\/oulunsoittoniekka.fi\/index.php?rest_route=%2Fwp%2Fv2%2Fcomments&post=94"}],"version-history":[{"count":35,"href":"https:\/\/oulunsoittoniekka.fi\/index.php?rest_route=\/wp\/v2\/pages\/94\/revisions"}],"predecessor-version":[{"id":578,"href":"https:\/\/oulunsoittoniekka.fi\/index.php?rest_route=\/wp\/v2\/pages\/94\/revisions\/578"}],"wp:attachment":[{"href":"https:\/\/oulunsoittoniekka.fi\/index.php?rest_route=%2Fwp%2Fv2%2Fmedia&parent=94"}],"curies":[{"name":"wp","href":"https:\/\/api.w.org\/{rel}","templated":true}]}}